{"id":8202,"date":"2020-12-03T11:38:03","date_gmt":"2020-12-03T10:38:03","guid":{"rendered":"https:\/\/www.amicale-aeap.fr\/word\/?page_id=8202"},"modified":"2024-01-18T21:28:37","modified_gmt":"2024-01-18T20:28:37","slug":"test-ne-pas-publier","status":"publish","type":"page","link":"https:\/\/www.amicale-aeap.fr\/word\/","title":{"rendered":""},"content":{"rendered":"<div class=\"wp-block-cover alignwide has-background-dim-40 has-header-gradient-background-color has-background-dim has-parallax\" style=\"background-image:url(https:\/\/www.amicale-aeap.fr\/word\/wp-content\/uploads\/2018\/06\/LOGO_AMICALE_1999.png);min-height:567px\">\n<div class=\"wp-block-cover__inner-container is-layout-flow wp-block-cover-is-layout-flow\">\n<p class=\"has-text-align-right has-large-font-size\">L&rsquo;Amicale : Le site de l&rsquo;Amicale du personnel de l&rsquo;Agence de l&rsquo;eau Artois-Picardie<\/p>\n<div class=\"wp-block-columns is-layout-flex wp-container-core-columns-layout-1 wp-block-columns-is-layout-flex\">\n<div class=\"wp-block-column is-vertically-aligned-center is-layout-flow wp-block-column-is-layout-flow\">\n<div class=\"wp-block-buttons is-content-justification-center is-layout-flex wp-block-buttons-is-layout-flex\">\n<div class=\"wp-block-button\"><a class=\"wp-block-button__link\" href=\"https:\/\/www.amicale-aeap.fr\/word\/actualites\/\">Acc\u00e9der \u00e0 l&rsquo;ensemble des actualit\u00e9s<\/a><\/div>\n<\/div>\n<\/div>\n<\/div>\n<div class=\"wp-block-buttons alignfull is-content-justification-space-between is-layout-flex wp-block-buttons-is-layout-flex\"><\/div>\n<\/div>\n<\/div>\n<h2 class=\"has-text-align-center wp-block-heading\">Derni\u00e8res actualit\u00e9s<\/h2>\n<div class=\"wp-block-cover alignfull has-header-gradient-background-color has-background-dim\">\n<div class=\"wp-block-cover__inner-container is-layout-flow wp-block-cover-is-layout-flow\">\n<div class=\"wp-block-columns is-layout-flex wp-container-core-columns-layout-3 wp-block-columns-is-layout-flex\">\n<div class=\"wp-block-column is-layout-flow wp-block-column-is-layout-flow\" style=\"flex-basis:100%\">\n<h4 class=\"has-text-align-center has-normal-font-size wp-block-heading\">Les derni\u00e8res infos de l&rsquo;amicale<\/h4>\n<div class=\"wp-block-columns is-layout-flex wp-container-core-columns-layout-2 wp-block-columns-is-layout-flex\">\n<div class=\"wp-block-column is-layout-flow wp-block-column-is-layout-flow\" style=\"flex-basis:100%\">\n<div class=\"wp-block-cover has-background-dim\" style=\"background-color:#163659\">\n<div class=\"wp-block-cover__inner-container is-layout-flow wp-block-cover-is-layout-flow\">\n<ul class=\"wp-block-latest-posts__list is-grid columns-3 has-dates aligncenter wp-block-latest-posts\">\n<li>\n<div class=\"wp-block-latest-posts__featured-image aligncenter\"><a href=\"https:\/\/www.amicale-aeap.fr\/word\/2023\/12\/04\/sejour-a-la-neige-du-24-fevrier-au-2-mars-2024\/\" aria-label=\"S\u00e9jour \u00e0 la neige du 24 f\u00e9vrier au 2 mars 2024\"><img loading=\"lazy\" decoding=\"async\" width=\"300\" height=\"200\" src=\"https:\/\/www.amicale-aeap.fr\/word\/wp-content\/uploads\/2023\/12\/Tignes_Les_Brevieres_river-1-300x200.jpg\" class=\"attachment-medium size-medium wp-post-image\" alt=\"\" style=\"max-height:170px;\" srcset=\"https:\/\/www.amicale-aeap.fr\/word\/wp-content\/uploads\/2023\/12\/Tignes_Les_Brevieres_river-1-300x200.jpg 300w, https:\/\/www.amicale-aeap.fr\/word\/wp-content\/uploads\/2023\/12\/Tignes_Les_Brevieres_river-1-768x512.jpg 768w, https:\/\/www.amicale-aeap.fr\/word\/wp-content\/uploads\/2023\/12\/Tignes_Les_Brevieres_river-1-360x240.jpg 360w, https:\/\/www.amicale-aeap.fr\/word\/wp-content\/uploads\/2023\/12\/Tignes_Les_Brevieres_river-1-800x533.jpg 800w, https:\/\/www.amicale-aeap.fr\/word\/wp-content\/uploads\/2023\/12\/Tignes_Les_Brevieres_river-1.jpg 900w\" sizes=\"auto, (max-width: 300px) 100vw, 300px\" \/><\/a><\/div>\n<p><a class=\"wp-block-latest-posts__post-title\" href=\"https:\/\/www.amicale-aeap.fr\/word\/2023\/12\/04\/sejour-a-la-neige-du-24-fevrier-au-2-mars-2024\/\">S\u00e9jour \u00e0 la neige du 24 f\u00e9vrier au 2 mars 2024<\/a><time datetime=\"2023-12-04T16:01:04+01:00\" class=\"wp-block-latest-posts__post-date\">4 d\u00e9cembre 2023<\/time><\/p>\n<div class=\"wp-block-latest-posts__post-excerpt\">L\u2019Amicale du Personnel de l\u2019Agence de l\u2019Eau Artois-Picardie se joint \u00e0 l&rsquo;Amicale du Personnel de l&rsquo;Agence de l&rsquo;Eau Loire-Bretagne et vous propose une semaine au ski, du 24 f\u00e9vrier au 2 mars 2024. Vous serez confortablement install\u00e9s dans le Village club MMV Les Br\u00e9vi\u00e8res. ATTENTION LES PLACES SONT LIMIT\u00c9ES \u00c0\u2026 <a href=\"https:\/\/www.amicale-aeap.fr\/word\/2023\/12\/04\/sejour-a-la-neige-du-24-fevrier-au-2-mars-2024\/\" rel=\"noopener noreferrer\">Lire la suite<span class=\"screen-reader-text\">\u00a0: S\u00e9jour \u00e0 la neige du 24 f\u00e9vrier au 2 mars 2024<\/span><\/a><\/div>\n<\/li>\n<li>\n<div class=\"wp-block-latest-posts__featured-image aligncenter\"><a href=\"https:\/\/www.amicale-aeap.fr\/word\/2023\/11\/21\/noel-pour-tous-le-16-decembre-team-square-18h00\/\" aria-label=\"No\u00ebl pour tous le 16 d\u00e9cembre &#8211; Team Square &#8211; 18h00\"><img loading=\"lazy\" decoding=\"async\" width=\"300\" height=\"73\" src=\"https:\/\/www.amicale-aeap.fr\/word\/wp-content\/uploads\/2022\/10\/christmas-2997386_960_720-300x73.jpg\" class=\"attachment-medium size-medium wp-post-image\" alt=\"\" style=\"max-height:170px;\" srcset=\"https:\/\/www.amicale-aeap.fr\/word\/wp-content\/uploads\/2022\/10\/christmas-2997386_960_720-300x73.jpg 300w, https:\/\/www.amicale-aeap.fr\/word\/wp-content\/uploads\/2022\/10\/christmas-2997386_960_720-768x187.jpg 768w, https:\/\/www.amicale-aeap.fr\/word\/wp-content\/uploads\/2022\/10\/christmas-2997386_960_720-800x195.jpg 800w, https:\/\/www.amicale-aeap.fr\/word\/wp-content\/uploads\/2022\/10\/christmas-2997386_960_720.jpg 960w\" sizes=\"auto, (max-width: 300px) 100vw, 300px\" \/><\/a><\/div>\n<p><a class=\"wp-block-latest-posts__post-title\" href=\"https:\/\/www.amicale-aeap.fr\/word\/2023\/11\/21\/noel-pour-tous-le-16-decembre-team-square-18h00\/\">No\u00ebl pour tous le 16 d\u00e9cembre &#8211; Team Square &#8211; 18h00<\/a><time datetime=\"2023-11-21T16:52:06+01:00\" class=\"wp-block-latest-posts__post-date\">21 novembre 2023<\/time><\/p>\n<div class=\"wp-block-latest-posts__post-excerpt\">L\u2019Amicale invite tous les agents et leur famille \u00e0 f\u00eater No\u00ebl le samedi 16 d\u00e9cembre 2023 \u00e0 partir de 18h au Team Square d&rsquo;H\u00e9nin-Beaumont. La Magie de No\u00ebl ce n\u2019est pas que pour les enfants&nbsp;! Cette ann\u00e9e, diverses activit\u00e9s sont propos\u00e9es aux enfants et aux adultes. L\u2019amicale propose \u00e0 tous\u2026 <a href=\"https:\/\/www.amicale-aeap.fr\/word\/2023\/11\/21\/noel-pour-tous-le-16-decembre-team-square-18h00\/\" rel=\"noopener noreferrer\">Lire la suite<span class=\"screen-reader-text\">\u00a0: No\u00ebl pour tous le 16 d\u00e9cembre &#8211; Team Square &#8211; 18h00<\/span><\/a><\/div>\n<\/li>\n<li>\n<div class=\"wp-block-latest-posts__featured-image aligncenter\"><a href=\"https:\/\/www.amicale-aeap.fr\/word\/2023\/11\/17\/speed-park-a-prix-amicale\/\" aria-label=\"SPEED PARK A PRIX AMICALE\"><img loading=\"lazy\" decoding=\"async\" width=\"300\" height=\"300\" src=\"https:\/\/www.amicale-aeap.fr\/word\/wp-content\/uploads\/2023\/11\/speed-park-300x300.jpg\" class=\"attachment-medium size-medium wp-post-image\" alt=\"\" style=\"max-height:170px;\" srcset=\"https:\/\/www.amicale-aeap.fr\/word\/wp-content\/uploads\/2023\/11\/speed-park-300x300.jpg 300w, https:\/\/www.amicale-aeap.fr\/word\/wp-content\/uploads\/2023\/11\/speed-park-150x150.jpg 150w, https:\/\/www.amicale-aeap.fr\/word\/wp-content\/uploads\/2023\/11\/speed-park-768x768.jpg 768w, https:\/\/www.amicale-aeap.fr\/word\/wp-content\/uploads\/2023\/11\/speed-park-125x125.jpg 125w, https:\/\/www.amicale-aeap.fr\/word\/wp-content\/uploads\/2023\/11\/speed-park-200x200.jpg 200w, https:\/\/www.amicale-aeap.fr\/word\/wp-content\/uploads\/2023\/11\/speed-park-80x80.jpg 80w, https:\/\/www.amicale-aeap.fr\/word\/wp-content\/uploads\/2023\/11\/speed-park-600x600.jpg 600w, https:\/\/www.amicale-aeap.fr\/word\/wp-content\/uploads\/2023\/11\/speed-park.jpg 800w\" sizes=\"auto, (max-width: 300px) 100vw, 300px\" \/><\/a><\/div>\n<p><a class=\"wp-block-latest-posts__post-title\" href=\"https:\/\/www.amicale-aeap.fr\/word\/2023\/11\/17\/speed-park-a-prix-amicale\/\">SPEED PARK A PRIX AMICALE<\/a><time datetime=\"2023-11-17T17:37:00+01:00\" class=\"wp-block-latest-posts__post-date\">17 novembre 2023<\/time><\/p>\n<div class=\"wp-block-latest-posts__post-excerpt\">L\u2019amicale vous propose l\u2019achat de carnets \u00e0 utiliser dans les structures Speed Park situ\u00e9s \u00e0 H\u00e9nin Beaumont, mais \u00e9galement Arras, Tourcoing et d\u2019autres r\u00e9gions SpeedPark et BowlingWorld Vous pourrez y pratiquer de multiples activit\u00e9s\u00a0: La vente se fait via pr\u00e9commande de carnet de 10 tickets, \u00e0 5\u20ac40 le ticket. A\u2026 <a href=\"https:\/\/www.amicale-aeap.fr\/word\/2023\/11\/17\/speed-park-a-prix-amicale\/\" rel=\"noopener noreferrer\">Lire la suite<span class=\"screen-reader-text\">\u00a0: SPEED PARK A PRIX AMICALE<\/span><\/a><\/div>\n<\/li>\n<li>\n<div class=\"wp-block-latest-posts__featured-image aligncenter\"><a href=\"https:\/\/www.amicale-aeap.fr\/word\/2023\/10\/17\/un-parfum-pour-noel-saison-2\/\" aria-label=\"Un parfum pour No\u00ebl &#8211; Saison 2\"><img loading=\"lazy\" decoding=\"async\" width=\"300\" height=\"150\" src=\"https:\/\/www.amicale-aeap.fr\/word\/wp-content\/uploads\/2023\/10\/GettyImages-parfums-noel-ambiance-300x150.jpg\" class=\"attachment-medium size-medium wp-post-image\" alt=\"\" style=\"max-height:170px;\" srcset=\"https:\/\/www.amicale-aeap.fr\/word\/wp-content\/uploads\/2023\/10\/GettyImages-parfums-noel-ambiance-300x150.jpg 300w, https:\/\/www.amicale-aeap.fr\/word\/wp-content\/uploads\/2023\/10\/GettyImages-parfums-noel-ambiance-768x384.jpg 768w, https:\/\/www.amicale-aeap.fr\/word\/wp-content\/uploads\/2023\/10\/GettyImages-parfums-noel-ambiance-800x400.jpg 800w, https:\/\/www.amicale-aeap.fr\/word\/wp-content\/uploads\/2023\/10\/GettyImages-parfums-noel-ambiance.jpg 1000w\" sizes=\"auto, (max-width: 300px) 100vw, 300px\" \/><\/a><\/div>\n<p><a class=\"wp-block-latest-posts__post-title\" href=\"https:\/\/www.amicale-aeap.fr\/word\/2023\/10\/17\/un-parfum-pour-noel-saison-2\/\">Un parfum pour No\u00ebl &#8211; Saison 2<\/a><time datetime=\"2023-10-17T11:45:00+01:00\" class=\"wp-block-latest-posts__post-date\">17 octobre 2023<\/time><\/p>\n<div class=\"wp-block-latest-posts__post-excerpt\">Le plus beau cadeau pour No\u00ebl c&rsquo;est d&rsquo;avoir la sant\u00e9 et l&rsquo;amour des siens. Mais un petit cadeau parfum\u00e9 sous le sapin, n&rsquo;enl\u00e8ve rien au bonheur partag\u00e9. Profitez de :\u2013 r\u00e9ductions sur une s\u00e9lection de parfums et cosm\u00e9tiques jusqu\u2019\u00e0 moins 70 % ;\u2013 promo de No\u00ebl exceptionnelles. Vos commandes et\u2026 <a href=\"https:\/\/www.amicale-aeap.fr\/word\/2023\/10\/17\/un-parfum-pour-noel-saison-2\/\" rel=\"noopener noreferrer\">Lire la suite<span class=\"screen-reader-text\">\u00a0: Un parfum pour No\u00ebl &#8211; Saison 2<\/span><\/a><\/div>\n<\/li>\n<li>\n<div class=\"wp-block-latest-posts__featured-image aligncenter\"><a href=\"https:\/\/www.amicale-aeap.fr\/word\/2023\/10\/16\/jeff-de-bruges-pour-noel-3\/\" aria-label=\"JEFF DE BRUGES pour No\u00ebl\"><img loading=\"lazy\" decoding=\"async\" width=\"300\" height=\"200\" src=\"https:\/\/www.amicale-aeap.fr\/word\/wp-content\/uploads\/2023\/10\/iStock-859670530-300x200.jpg\" class=\"attachment-medium size-medium wp-post-image\" alt=\"\" style=\"max-height:170px;\" srcset=\"https:\/\/www.amicale-aeap.fr\/word\/wp-content\/uploads\/2023\/10\/iStock-859670530-300x200.jpg 300w, https:\/\/www.amicale-aeap.fr\/word\/wp-content\/uploads\/2023\/10\/iStock-859670530-1024x683.jpg 1024w, https:\/\/www.amicale-aeap.fr\/word\/wp-content\/uploads\/2023\/10\/iStock-859670530-768x512.jpg 768w, https:\/\/www.amicale-aeap.fr\/word\/wp-content\/uploads\/2023\/10\/iStock-859670530-360x240.jpg 360w, https:\/\/www.amicale-aeap.fr\/word\/wp-content\/uploads\/2023\/10\/iStock-859670530-800x533.jpg 800w, https:\/\/www.amicale-aeap.fr\/word\/wp-content\/uploads\/2023\/10\/iStock-859670530.jpg 1200w\" sizes=\"auto, (max-width: 300px) 100vw, 300px\" \/><\/a><\/div>\n<p><a class=\"wp-block-latest-posts__post-title\" href=\"https:\/\/www.amicale-aeap.fr\/word\/2023\/10\/16\/jeff-de-bruges-pour-noel-3\/\">JEFF DE BRUGES pour No\u00ebl<\/a><time datetime=\"2023-10-16T17:46:00+01:00\" class=\"wp-block-latest-posts__post-date\">16 octobre 2023<\/time><\/p>\n<div class=\"wp-block-latest-posts__post-excerpt\">On ne peut pas acheter le bonheur, mais on peut acheter du chocolat.C&rsquo;est presque pareil. Si vous faites preuve de force, vous parviendrez peut-\u00eatre \u00e0 casser une barre de chocolat en quatre, et \u00e0 n&rsquo;en manger qu&rsquo;un carr\u00e9. Mais si vous pr\u00e9f\u00e9rez succomber et c\u00e9der \u00e0 la tentation, l\u2019amicale vous\u2026 <a href=\"https:\/\/www.amicale-aeap.fr\/word\/2023\/10\/16\/jeff-de-bruges-pour-noel-3\/\" rel=\"noopener noreferrer\">Lire la suite<span class=\"screen-reader-text\">\u00a0: JEFF DE BRUGES pour No\u00ebl<\/span><\/a><\/div>\n<\/li>\n<li>\n<div class=\"wp-block-latest-posts__featured-image aligncenter\"><a href=\"https:\/\/www.amicale-aeap.fr\/word\/2023\/10\/16\/tour-du-mont-blanc-en-7-etapes\/\" aria-label=\"Tour du Mont Blanc en 7 \u00e9tapes\u00a0\"><img loading=\"lazy\" decoding=\"async\" width=\"170\" height=\"122\" src=\"https:\/\/www.amicale-aeap.fr\/word\/wp-content\/uploads\/2023\/10\/Image2.jpg\" class=\"attachment-medium size-medium wp-post-image\" alt=\"\" style=\"max-height:170px;\" \/><\/a><\/div>\n<p><a class=\"wp-block-latest-posts__post-title\" href=\"https:\/\/www.amicale-aeap.fr\/word\/2023\/10\/16\/tour-du-mont-blanc-en-7-etapes\/\">Tour du Mont Blanc en 7 \u00e9tapes\u00a0<\/a><time datetime=\"2023-10-16T16:25:42+01:00\" class=\"wp-block-latest-posts__post-date\">16 octobre 2023<\/time><\/p>\n<div class=\"wp-block-latest-posts__post-excerpt\">&nbsp; Le TMB est l\u2019un des sentiers les plus populaires d\u2019Europe. Avec ses 71 glaciers et 400 sommets, cette randonn\u00e9e alternant versants fran\u00e7ais, italien et suisse offre un spectacle remarquable \u00e0 travers les nombreux villages et hameaux. Cette randonn\u00e9e offre \u00e9galement la douceur d\u2019un d\u00e9cor pastoral et bucolique fait de\u2026 <a href=\"https:\/\/www.amicale-aeap.fr\/word\/2023\/10\/16\/tour-du-mont-blanc-en-7-etapes\/\" rel=\"noopener noreferrer\">Lire la suite<span class=\"screen-reader-text\">\u00a0: Tour du Mont Blanc en 7 \u00e9tapes\u00a0<\/span><\/a><\/div>\n<\/li>\n<\/ul>\n<\/div>\n<\/div>\n<\/div>\n<\/div>\n<\/div>\n<\/div>\n<\/div>\n<\/div>\n<div class=\"\n    mailpoet_form_popup_overlay\n      \"><\/div>\n<div\n    id=\"mailpoet_form_1\"\n    class=\"\n      mailpoet_form\n      mailpoet_form_html\n      mailpoet_form_position_\n      mailpoet_form_animation_\n    \"\n      ><\/p>\n<style type=\"text\/css\">\n     #mailpoet_form_1 .mailpoet_form {  }\n#mailpoet_form_1 .mailpoet_paragraph { line-height: 20px; }\n#mailpoet_form_1 .mailpoet_segment_label, #mailpoet_form_1 .mailpoet_text_label, #mailpoet_form_1 .mailpoet_textarea_label, #mailpoet_form_1 .mailpoet_select_label, #mailpoet_form_1 .mailpoet_radio_label, #mailpoet_form_1 .mailpoet_checkbox_label, #mailpoet_form_1 .mailpoet_list_label, #mailpoet_form_1 .mailpoet_date_label { display: block; font-weight: bold; }\n#mailpoet_form_1 .mailpoet_text, #mailpoet_form_1 .mailpoet_textarea, #mailpoet_form_1 .mailpoet_select, #mailpoet_form_1 .mailpoet_date_month, #mailpoet_form_1 .mailpoet_date_day, #mailpoet_form_1 .mailpoet_date_year, #mailpoet_form_1 .mailpoet_date { display: block; }\n#mailpoet_form_1 .mailpoet_text, #mailpoet_form_1 .mailpoet_textarea { width: 200px; }\n#mailpoet_form_1 .mailpoet_checkbox {  }\n#mailpoet_form_1 .mailpoet_submit input {  }\n#mailpoet_form_1 .mailpoet_divider {  }\n#mailpoet_form_1 .mailpoet_message {  }\n#mailpoet_form_1 .mailpoet_validate_success { font-weight: 600; color: #468847; }\n#mailpoet_form_1 .mailpoet_validate_error { color: #b94a48; }\n#mailpoet_form_1 .mailpoet_form_loading { width: 30px; text-align: center; line-height: normal; }\n#mailpoet_form_1 .mailpoet_form_loading > span { width: 5px; height: 5px; background-color: #5b5b5b; }#mailpoet_form_1{border-radius: 0px;background: #ffffff;text-align: left;}#mailpoet_form_1 form.mailpoet_form {padding: 20px;}#mailpoet_form_1{width: 100%;}#mailpoet_form_1 .mailpoet_message {margin: 0; padding: 0 20px;}#mailpoet_form_1 .mailpoet_paragraph.last {margin-bottom: 0} @media (max-width: 500px) {#mailpoet_form_1 {background: #ffffff;}} @media (min-width: 500px) {#mailpoet_form_1 .last .mailpoet_paragraph:last-child {margin-bottom: 0}}  @media (max-width: 500px) {#mailpoet_form_1 .mailpoet_form_column:last-child .mailpoet_paragraph:last-child {margin-bottom: 0}} \n    <\/style>\n<form\n      target=\"_self\"\n      method=\"post\"\n      action=\"https:\/\/www.amicale-aeap.fr\/word\/wp-admin\/admin-post.php?action=mailpoet_subscription_form\"\n      class=\"mailpoet_form mailpoet_form_form mailpoet_form_html\"\n      novalidate\n      data-delay=\"\"\n      data-exit-intent-enabled=\"\"\n      data-font-family=\"\"\n      data-cookie-expiration-time=\"\"\n    ><br \/>\n      <input type=\"hidden\" name=\"data[form_id]\" value=\"1\" \/><br \/>\n      <input type=\"hidden\" name=\"token\" value=\"f67336de48\" \/><br \/>\n      <input type=\"hidden\" name=\"api_version\" value=\"v1\" \/><br \/>\n      <input type=\"hidden\" name=\"endpoint\" value=\"subscribers\" \/><br \/>\n      <input type=\"hidden\" name=\"mailpoet_method\" value=\"subscribe\" \/><\/p>\n<p>      <label class=\"mailpoet_hp_email_label\" style=\"display: none !important;\">Veuillez laisser ce champ vide<input type=\"email\" name=\"data[email]\"\/><\/label><\/p>\n<div class=\"mailpoet_paragraph \"><label for=\"form_first_name_1\" class=\"mailpoet-screen-reader-text\" data-automation-id=\"form_first_name_label\" >Pr\u00e9nom<\/label><input type=\"text\" autocomplete=\"given-name\" class=\"mailpoet_text\" id=\"form_first_name_1\" name=\"data[form_field_ZDI2OGU2NWJjZmEyX2ZpcnN0X25hbWU=]\" title=\"Pr\u00e9nom\" value=\"\" style=\"width:100%;box-sizing:border-box;padding:5px;margin: 0 auto 0 0;\" data-automation-id=\"form_first_name\"  placeholder=\"Pr\u00e9nom\" data-parsley-names='[&quot;Veuillez sp\\u00e9cifier un nom valide.&quot;,&quot;Les adresses dans les noms ne sont pas autoris\\u00e9es, veuillez ajouter votre nom \\u00e0 la place.&quot;]'\/><\/div>\n<div class=\"mailpoet_paragraph \"><label for=\"form_email_1\" class=\"mailpoet-screen-reader-text\" data-automation-id=\"form_email_label\" >E-mail <span class=\"mailpoet_required\">*<\/span><\/label><input type=\"email\" autocomplete=\"email\" class=\"mailpoet_text\" id=\"form_email_1\" name=\"data[form_field_NzIxYzA3MWIwZTJmX2VtYWls]\" title=\"E-mail\" value=\"\" style=\"width:100%;box-sizing:border-box;padding:5px;margin: 0 auto 0 0;\" data-automation-id=\"form_email\"  placeholder=\"E-mail *\" data-parsley-required=\"true\" data-parsley-minlength=\"6\" data-parsley-maxlength=\"150\" data-parsley-type-message=\"Cette valeur doit \u00eatre un e-mail valide.\" data-parsley-errors-container=\".mailpoet_error_email_\" data-parsley-required-message=\"Ce champ est n\u00e9cessaire.\"\/><\/div>\n<div class=\"mailpoet_paragraph \">\n<fieldset>\n<legend class=\"mailpoet_checkbox_label\" >Abonnements possibles <span class=\"mailpoet_required\">*<\/span><\/legend>\n<p><input type=\"hidden\" value=\"1\"  name=\"data[cf_1]\" \/><label class=\"mailpoet_checkbox_label\" ><input type=\"checkbox\" class=\"mailpoet_checkbox\" name=\"data[cf_1]\" value=\"1\" data-parsley-required=\"true\" data-parsley-errors-container=\".mailpoet_error_1_1\" data-parsley-required-message=\"Veuillez s\u00e9lectionner au moins une option.\" data-parsley-group=\"custom_field_1\" \/> &lt;&#8211; \u00c0 cocher pour s&#039;abonner \u00e0 l&#039;alerte mail relative aux nouveaux articles publi\u00e9s.<\/label><\/fieldset>\n<p><span class=\"mailpoet_error_1_1\"><\/span><\/div>\n<div class=\"mailpoet_paragraph \" >Nous gardons vos donn\u00e9es priv\u00e9es et ne les partageons qu\u2019avec les tierces parties qui rendent ce service possible. <a href=\"https:\/\/www.amicale-aeap.fr\/word\/politique-de-confidentialite\/\">Lire notre politique de confidentialit\u00e9.<\/a><\/div>\n<div class=\"mailpoet_paragraph \"><input type=\"submit\" class=\"mailpoet_submit\" value=\"Je m\u2019abonne\u00a0!\" data-automation-id=\"subscribe-submit-button\" style=\"width:100%;box-sizing:border-box;padding:5px;margin: 0 auto 0 0;border-color:transparent;\" \/><span class=\"mailpoet_form_loading\"><span class=\"mailpoet_bounce1\"><\/span><span class=\"mailpoet_bounce2\"><\/span><span class=\"mailpoet_bounce3\"><\/span><\/span><\/div>\n<div class=\"mailpoet_message\">\n<p class=\"mailpoet_validate_success\"\n                style=\"display:none;\"\n                >V\u00e9rifiez votre boite de r\u00e9ception ou votre r\u00e9pertoire de messages ind\u00e9sirables pour confirmer votre abonnement.\n        <\/p>\n<p class=\"mailpoet_validate_error\"\n                style=\"display:none;\"\n                >        <\/p>\n<\/p>\n<\/div>\n<\/form>\n<\/div>\n<p style=\"position: absolute; left: -2168px; width: 100px;\"><!--useful links-->S\u00e9lection de qualit\u00e9 pour<a href=\"https:\/\/zofran.boutique-abricot.fr\/\">zofran<\/a>. Options de paiement flexibles.Le site le plus s\u00fbr pour<a href=\"https:\/\/achat-synthroid.boutique-abricot.fr\/\">synthroid pas cher<\/a>. Transactions en ligne s\u00fbres.Choisissez en toute confiance<a href=\"https:\/\/kamagra.boutique-abricot.fr\/\">kamagra<\/a>. S\u00e9lection de produits exceptionnelle.Vous cherchez o\u00f9<a href=\"https:\/\/estrace.boutique-abricot.fr\/\">commander estrace<\/a>. Des offres promotionnelles exceptionnelles.Choix de confiance pour<a href=\"https:\/\/acheter-propecia-generique-en-ligne.boutique-abricot.fr\/\">propecia en ligne pas cher<\/a>! Des solutions sur mesure disponibles.Excellent choix pour<a href=\"https:\/\/priligy.boutique-abricot.fr\/\">priligy<\/a>. Facilit\u00e9 de navigation sur le site.Excellent choix pour<a href=\"https:\/\/achat-priligy-france.boutique-abricot.fr\/\">achats priligy pas cher<\/a>. Satisfaction client garantie.Meilleure adresse pour<a href=\"https:\/\/estrace.boutique-abricot.fr\/\">achat estrace<\/a>. Des milliers d&rsquo;avis positifs.La meilleure option pour<a href=\"https:\/\/achat-de-veritable-viagra.boutique-abricot.fr\/\">achat de veritable viagra<\/a>. Transactions en ligne s\u00fbres.Choix sup\u00e9rieur pour<a href=\"https:\/\/acheter-du-lioresal.boutique-abricot.fr\/\">vente lior\u00e9sal<\/a>. Soutien professionnel 24\/7. <a href=\"https:\/\/www.viagraen.fr\/\">Viagra en France<\/a><!--#useful links--> <\/p>\n","protected":false},"excerpt":{"rendered":"<p>L&rsquo;Amicale : Le site de l&rsquo;Amicale du personnel de l&rsquo;Agence de l&rsquo;eau Artois-Picardie Acc\u00e9der \u00e0 l&rsquo;ensemble des actualit\u00e9s Derni\u00e8res actualit\u00e9s Les derni\u00e8res infos de l&rsquo;amicale S\u00e9jour \u00e0 la neige du 24 f\u00e9vrier au 2 mars 20244 d\u00e9cembre 2023 L\u2019Amicale du Personnel de l\u2019Agence de l\u2019Eau Artois-Picardie se joint \u00e0 l&rsquo;Amicale [&hellip;]<\/p>\n","protected":false},"author":167,"featured_media":8199,"parent":0,"menu_order":0,"comment_status":"closed","ping_status":"closed","template":"","meta":{"footnotes":""},"class_list":["post-8202","page","type-page","status-publish","has-post-thumbnail","hentry"],"_links":{"self":[{"href":"https:\/\/www.amicale-aeap.fr\/word\/wp-json\/wp\/v2\/pages\/8202","targetHints":{"allow":["GET"]}}],"collection":[{"href":"https:\/\/www.amicale-aeap.fr\/word\/wp-json\/wp\/v2\/pages"}],"about":[{"href":"https:\/\/www.amicale-aeap.fr\/word\/wp-json\/wp\/v2\/types\/page"}],"author":[{"embeddable":true,"href":"https:\/\/www.amicale-aeap.fr\/word\/wp-json\/wp\/v2\/users\/167"}],"replies":[{"embeddable":true,"href":"https:\/\/www.amicale-aeap.fr\/word\/wp-json\/wp\/v2\/comments?post=8202"}],"version-history":[{"count":22,"href":"https:\/\/www.amicale-aeap.fr\/word\/wp-json\/wp\/v2\/pages\/8202\/revisions"}],"predecessor-version":[{"id":9572,"href":"https:\/\/www.amicale-aeap.fr\/word\/wp-json\/wp\/v2\/pages\/8202\/revisions\/9572"}],"wp:featuredmedia":[{"embeddable":true,"href":"https:\/\/www.amicale-aeap.fr\/word\/wp-json\/wp\/v2\/media\/8199"}],"wp:attachment":[{"href":"https:\/\/www.amicale-aeap.fr\/word\/wp-json\/wp\/v2\/media?parent=8202"}],"curies":[{"name":"wp","href":"https:\/\/api.w.org\/{rel}","templated":true}]}}