{"id":6244,"date":"2017-03-17T00:00:00","date_gmt":"2017-03-17T00:00:00","guid":{"rendered":"http:\/\/www.amicale-aeap.fr\/word\/awpcp\/show-ad"},"modified":"2019-06-28T12:41:27","modified_gmt":"2019-06-28T11:41:27","slug":"annonce","status":"publish","type":"page","link":"https:\/\/www.amicale-aeap.fr\/word\/petitesannonces\/annonce\/","title":{"rendered":"Annonce"},"content":{"rendered":"\n<div class=\"awpcp-message awpcp-error notice notice-error error\"><p>Aucun ID d'annonce n'a \u00e9t\u00e9 sp\u00e9cifi\u00e9. Retournez \u00e0 <a href=\"https:\/\/www.amicale-aeap.fr\/word\/petitesannonces\/voir-toutes-les-annonces\">parcourez toutes les annonces<\/a>.<\/p><\/div>\n","protected":false},"excerpt":{"rendered":"","protected":false},"author":156,"featured_media":0,"parent":6243,"menu_order":0,"comment_status":"closed","ping_status":"closed","template":"","meta":{"footnotes":""},"class_list":["post-6244","page","type-page","status-publish","hentry"],"_links":{"self":[{"href":"https:\/\/www.amicale-aeap.fr\/word\/wp-json\/wp\/v2\/pages\/6244","targetHints":{"allow":["GET"]}}],"collection":[{"href":"https:\/\/www.amicale-aeap.fr\/word\/wp-json\/wp\/v2\/pages"}],"about":[{"href":"https:\/\/www.amicale-aeap.fr\/word\/wp-json\/wp\/v2\/types\/page"}],"author":[{"embeddable":true,"href":"https:\/\/www.amicale-aeap.fr\/word\/wp-json\/wp\/v2\/users\/156"}],"replies":[{"embeddable":true,"href":"https:\/\/www.amicale-aeap.fr\/word\/wp-json\/wp\/v2\/comments?post=6244"}],"version-history":[{"count":3,"href":"https:\/\/www.amicale-aeap.fr\/word\/wp-json\/wp\/v2\/pages\/6244\/revisions"}],"predecessor-version":[{"id":7683,"href":"https:\/\/www.amicale-aeap.fr\/word\/wp-json\/wp\/v2\/pages\/6244\/revisions\/7683"}],"up":[{"embeddable":true,"href":"https:\/\/www.amicale-aeap.fr\/word\/wp-json\/wp\/v2\/pages\/6243"}],"wp:attachment":[{"href":"https:\/\/www.amicale-aeap.fr\/word\/wp-json\/wp\/v2\/media?parent=6244"}],"curies":[{"name":"wp","href":"https:\/\/api.w.org\/{rel}","templated":true}]}}