{"id":6243,"date":"2017-03-17T00:00:00","date_gmt":"2017-03-17T00:00:00","guid":{"rendered":"http:\/\/www.amicale-aeap.fr\/word\/awpcp"},"modified":"2019-06-28T12:35:49","modified_gmt":"2019-06-28T11:35:49","slug":"petitesannonces","status":"publish","type":"page","link":"https:\/\/www.amicale-aeap.fr\/word\/petitesannonces\/","title":{"rendered":"Petites annonces"},"content":{"rendered":"\n<div id=\"classiwrapper\">\n    \n        <div class=\"uiwelcome\">Vous cherchez une chaise b\u00e9b\u00e9 ? La voiture de vos r\u00eaves ou un aspirateur ? Parcourez les petites annonces des amicalistes ! Vous vendez un g\u00e9ranium, des boules de p\u00e9tanque ou le tracteur de votre oncle ? N\u2019h\u00e9sitez pas \u00e0 d\u00e9poser une annonce sur le site !<\/div>\n    \n        \n<div class=\"awpcp-classifieds-search-bar\" data-breakpoints='{\"tiny\": [0,450]}' data-breakpoints-class-prefix=\"awpcp-classifieds-search-bar\">\n    <form action=\"https:\/\/www.amicale-aeap.fr\/word\/petitesannonces\/rechercher\/\" method=\"get\">\n                <input type=\"hidden\" name=\"awpcp-step\" value=\"dosearch\" \/>\n        <div class=\"awpcp-classifieds-search-bar--query-field\">\n            <label class=\"screen-reader-text\" for=\"awpcp-search-query-field\">Rechercher:<\/label>\n            <input id=\"awpcp-search-query-field\" type=\"text\" name=\"keywordphrase\" \/>\n        <\/div>\n        <div class=\"awpcp-classifieds-search-bar--submit-button\">\n            <input class=\"button\" type=\"submit\" value=\"Recherche\" \/>\n        <\/div>\n        <div class=\"awpcp-classifieds-search-bar--advanced-search-link\"><a href=\"https:\/\/www.amicale-aeap.fr\/word\/petitesannonces\/rechercher\/\">Recherche avanc\u00e9e <\/a><\/div>\n    <\/form>\n<\/div>\n<ul class=\"awpcp-classifieds-menu awpcp-clearfix\" data-breakpoints='{\"tiny\": [0,400], \"small\": [400,500]}' data-breakpoints-class-prefix=\"awpcp-classifieds-menu\">\n    <li class=\"awpcp-classifieds-menu--menu-item awpcp-classifieds-menu--post-listing-menu-item\">\n        <a class=\"awpcp-classifieds-menu--menu-item-link button\" href=\"https:\/\/www.amicale-aeap.fr\/word\/petitesannonces\/ajouter-une-annonce\">Ajouter une annonce<\/a>\n    <\/li>\n    <li class=\"awpcp-classifieds-menu--menu-item awpcp-classifieds-menu--edit-listing-menu-item\">\n        <a class=\"awpcp-classifieds-menu--menu-item-link button\" href=\"https:\/\/www.amicale-aeap.fr\/word\/petitesannonces\/modifier\">Modifier<\/a>\n    <\/li>\n    <li class=\"awpcp-classifieds-menu--menu-item awpcp-classifieds-menu--browse-listings-menu-item\">\n        <a class=\"awpcp-classifieds-menu--menu-item-link button\" href=\"https:\/\/www.amicale-aeap.fr\/word\/petitesannonces\/voir-toutes-les-annonces\">Voir toutes les annonces<\/a>\n    <\/li>\n    <li class=\"awpcp-classifieds-menu--menu-item awpcp-classifieds-menu--search-listings-menu-item\">\n        <a class=\"awpcp-classifieds-menu--menu-item-link button\" href=\"https:\/\/www.amicale-aeap.fr\/word\/petitesannonces\/rechercher\">Rechercher<\/a>\n    <\/li>\n<\/ul>\n    \n    <form class=\"awpcp-category-switcher\" method=\"post\" action=\"https:\/\/www.amicale-aeap.fr\/word\/petitesannonces\/voir-toutes-les-annonces\">\n        <input type=\"hidden\" name=\"offset\" value=\"0\" \/>\n    \n    <div class=\"awpcp-category-dropdown-container\">\n        <label class=\"awpcp-category-dropdown-label\" for=\"awpcp-category-dropdown-69f28f8a500ad\">Cat\u00e9gorie\u00a0:<\/label>\n\n\n<select id=\"awpcp-category-dropdown-69f28f8a500ad\" class=\"awpcp-category-dropdown awpcp-dropdown \" name=\"awpcp_category_id\" data-hash=\"69f28f8a500ad\" placeholder=\"Toutes les rubriques\" data-auto=\"auto\" style=\"width: 100%\">\n        <option class=\"awpcp-dropdown-placeholder\">Toutes les rubriques<\/option>\n    <option class=\"dropdownparentcategory\" value=\"61\">Immobilier (vente, location)<\/option><option class=\"dropdownparentcategory\" value=\"59\">Loisirs, culture, multim\u00e9dia<\/option><option class=\"dropdownparentcategory\" value=\"58\">Mode et maison<\/option><option class=\"dropdownparentcategory\" value=\"60\">V\u00e9hicules (voiture, v\u00e9lo, caravane, etc)<\/option><option class=\"dropdownparentcategory\" value=\"62\">Pr\u00eat et emprunt de mat\u00e9riel<\/option><option class=\"dropdownparentcategory\" value=\"57\">Autres<\/option><\/select>\n\n\n<script type=\"text\/javascript\">var categories_69f28f8a500ad = {\"mode\":\"basic\",\"select2\":{\"containerCssClass\":\"awpcp-category-dropdown-selection\",\"dropdownCssClass\":\"awpcp-category-dropdown-options\",\"allowClear\":true,\"placeholder\":\"Toutes les rubriques\",\"maximumSelectionLength\":100},\"selectedCategoriesIds\":[],\"categoriesHierarchy\":{\"root\":[{\"term_id\":61,\"name\":\"Immobilier (vente, location)\",\"slug\":\"immobilier-vente-location\",\"term_group\":0,\"term_taxonomy_id\":61,\"taxonomy\":\"awpcp_listing_category\",\"description\":\"\",\"parent\":0,\"count\":1,\"filter\":\"raw\"},{\"term_id\":59,\"name\":\"Loisirs, culture, multim\\u00e9dia\",\"slug\":\"loisirs-culture-multimedia\",\"term_group\":0,\"term_taxonomy_id\":59,\"taxonomy\":\"awpcp_listing_category\",\"description\":\"\",\"parent\":0,\"count\":0,\"filter\":\"raw\"},{\"term_id\":58,\"name\":\"Mode et maison\",\"slug\":\"mode-et-maison\",\"term_group\":0,\"term_taxonomy_id\":58,\"taxonomy\":\"awpcp_listing_category\",\"description\":\"\",\"parent\":0,\"count\":1,\"filter\":\"raw\"},{\"term_id\":60,\"name\":\"V\\u00e9hicules (voiture, v\\u00e9lo, caravane, etc)\",\"slug\":\"vehicules-voiture-velo-caravane-etc\",\"term_group\":0,\"term_taxonomy_id\":60,\"taxonomy\":\"awpcp_listing_category\",\"description\":\"\",\"parent\":0,\"count\":0,\"filter\":\"raw\"},{\"term_id\":62,\"name\":\"Pr\\u00eat et emprunt de mat\\u00e9riel\",\"slug\":\"pret-et-emprunt-de-materiel\",\"term_group\":0,\"term_taxonomy_id\":62,\"taxonomy\":\"awpcp_listing_category\",\"description\":\"\",\"parent\":0,\"count\":0,\"filter\":\"raw\"},{\"term_id\":57,\"name\":\"Autres\",\"slug\":\"autres\",\"term_group\":0,\"term_taxonomy_id\":57,\"taxonomy\":\"awpcp_listing_category\",\"description\":\"\",\"parent\":0,\"count\":1,\"filter\":\"raw\"}]},\"paymentTerms\":[],\"subcategoryLabel\":\"S\\u00e9lectionnez une sous-rubrique\"};<\/script>\n    <\/div>\n<\/form>\n<div class=\"awpcp-pagination pager\">\n    \n    <\/div>\n\n    <div class=\"awpcp-listings awpcp-clearboth\">\n        <div class=\"awpcp-listing-excerpt displayaditemseven $isfeaturedclass\" data-breakpoints-class-prefix=\"awpcp-listing-excerpt\" data-breakpoints='{\"tiny\": [0,328], \"small\": [328,600], \"medium\": [600,999999]}'>\r\n    <div class=\"awpcp-listing-excerpt-thumbnail\"><a class=\"awpcp-listing-primary-image-listing-link\" href=\"https:\/\/www.amicale-aeap.fr\/word\/petitesannonces\/annonce\/?id=7780\"><img loading=\"lazy\" decoding=\"async\" width=\"80\" height=\"80\" src=\"https:\/\/www.amicale-aeap.fr\/word\/wp-content\/uploads\/2018\/04\/piscines-710a0b7c-80x80.jpg\" class=\"awpcp-listing-primary-image-thumbnail\" alt=\"Location Agay-St Raphael \u00e9t\u00e9 2020\" style=\"width: 80px;\" srcset=\"https:\/\/www.amicale-aeap.fr\/word\/wp-content\/uploads\/2018\/04\/piscines-710a0b7c-80x80.jpg 80w, https:\/\/www.amicale-aeap.fr\/word\/wp-content\/uploads\/2018\/04\/piscines-710a0b7c-125x125.jpg 125w, https:\/\/www.amicale-aeap.fr\/word\/wp-content\/uploads\/2018\/04\/piscines-710a0b7c-200x200.jpg 200w\" sizes=\"auto, (max-width: 80px) 100vw, 80px\" \/><\/a><\/div>\r\n    <div class=\"awpcp-listing-excerpt-inner\" style=\"w\">\r\n        <h4 class=\"awpcp-listing-title\"><a href=\"https:\/\/www.amicale-aeap.fr\/word\/petitesannonces\/annonce\/?id=7780\">Location Agay-St Raphael \u00e9t\u00e9 2020<\/a><\/h4>\r\n        <div class=\"awpcp-listing-excerpt-content\">A louer T2 Agay (Saint Rapha\u00ebl) Et\u00e9 2019 Situ\u00e9 dans le Village Cap Esterel de Pierre et Vacances Nombreuses activit\u00e9s,\u2026<\/div>\r\n    <\/div>\r\n    <div class=\"awpcp-listing-excerpt-extra\">\r\n        05\/04\/2018<br\/>\r\n        \r\n        \r\n        Total des vues: 226<br\/>\r\n        Prix: 750.00 \u20ac\r\n        \r\n    <\/div>\r\n    <span class=\"fixfloat\"><\/span>\r\n<\/div>\r\n<div class=\"fixfloat\"><\/div><div class=\"awpcp-listing-excerpt displayaditemsodd $isfeaturedclass\" data-breakpoints-class-prefix=\"awpcp-listing-excerpt\" data-breakpoints='{\"tiny\": [0,328], \"small\": [328,600], \"medium\": [600,999999]}'>\r\n    <div class=\"awpcp-listing-excerpt-thumbnail\"><a class=\"awpcp-listing-primary-image-listing-link\" href=\"https:\/\/www.amicale-aeap.fr\/word\/petitesannonces\/annonce\/?id=7779\"><img loading=\"lazy\" decoding=\"async\" width=\"80\" height=\"80\" src=\"https:\/\/www.amicale-aeap.fr\/word\/wp-content\/uploads\/2017\/06\/20150418_153548-8b777c48-80x80.jpg\" class=\"awpcp-listing-primary-image-thumbnail\" alt=\"Casque v\u00e9lo enfant\" style=\"width: 80px;\" srcset=\"https:\/\/www.amicale-aeap.fr\/word\/wp-content\/uploads\/2017\/06\/20150418_153548-8b777c48-80x80.jpg 80w, https:\/\/www.amicale-aeap.fr\/word\/wp-content\/uploads\/2017\/06\/20150418_153548-8b777c48-125x125.jpg 125w, https:\/\/www.amicale-aeap.fr\/word\/wp-content\/uploads\/2017\/06\/20150418_153548-8b777c48-200x200.jpg 200w\" sizes=\"auto, (max-width: 80px) 100vw, 80px\" \/><\/a><\/div>\r\n    <div class=\"awpcp-listing-excerpt-inner\" style=\"w\">\r\n        <h4 class=\"awpcp-listing-title\"><a href=\"https:\/\/www.amicale-aeap.fr\/word\/petitesannonces\/annonce\/?id=7779\">Casque v\u00e9lo enfant<\/a><\/h4>\r\n        <div class=\"awpcp-listing-excerpt-content\">casque v\u00e9lo enfant kiddy de D\u00e9cathlon Rose fushia T 47-53cm (xxxs - xs)<\/div>\r\n    <\/div>\r\n    <div class=\"awpcp-listing-excerpt-extra\">\r\n        02\/06\/2017<br\/>\r\n        \r\n        \r\n        Total des vues: 61<br\/>\r\n        Prix: 5.00 \u20ac\r\n        \r\n    <\/div>\r\n    <span class=\"fixfloat\"><\/span>\r\n<\/div>\r\n<div class=\"fixfloat\"><\/div><div class=\"awpcp-listing-excerpt displayaditemseven $isfeaturedclass\" data-breakpoints-class-prefix=\"awpcp-listing-excerpt\" data-breakpoints='{\"tiny\": [0,328], \"small\": [328,600], \"medium\": [600,999999]}'>\r\n    <div class=\"awpcp-listing-excerpt-thumbnail\"><a class=\"awpcp-listing-primary-image-listing-link\" href=\"https:\/\/www.amicale-aeap.fr\/word\/petitesannonces\/annonce\/?id=7778\"><img loading=\"lazy\" decoding=\"async\" width=\"80\" height=\"80\" src=\"https:\/\/www.amicale-aeap.fr\/word\/wp-content\/uploads\/2017\/05\/20170108_193533cd-bfb75c8f-80x80.jpg\" class=\"awpcp-listing-primary-image-thumbnail\" alt=\"Vend bureau jeune enfant\" style=\"width: 80px;\" srcset=\"https:\/\/www.amicale-aeap.fr\/word\/wp-content\/uploads\/2017\/05\/20170108_193533cd-bfb75c8f-80x80.jpg 80w, https:\/\/www.amicale-aeap.fr\/word\/wp-content\/uploads\/2017\/05\/20170108_193533cd-bfb75c8f-125x125.jpg 125w, https:\/\/www.amicale-aeap.fr\/word\/wp-content\/uploads\/2017\/05\/20170108_193533cd-bfb75c8f-200x200.jpg 200w\" sizes=\"auto, (max-width: 80px) 100vw, 80px\" \/><\/a><\/div>\r\n    <div class=\"awpcp-listing-excerpt-inner\" style=\"w\">\r\n        <h4 class=\"awpcp-listing-title\"><a href=\"https:\/\/www.amicale-aeap.fr\/word\/petitesannonces\/annonce\/?id=7778\">Vend bureau jeune enfant<\/a><\/h4>\r\n        <div class=\"awpcp-listing-excerpt-content\">Bureau pour enfant avec son tabouret. double face: bureau (avec un tube enrouleur pour ins\u00e9rer un rouleau de papier) ou\u2026<\/div>\r\n    <\/div>\r\n    <div class=\"awpcp-listing-excerpt-extra\">\r\n        03\/05\/2017<br\/>\r\n        \r\n        \r\n        Total des vues: 90<br\/>\r\n        Prix: 30.00 \u20ac\r\n        \r\n    <\/div>\r\n    <span class=\"fixfloat\"><\/span>\r\n<\/div>\r\n<div class=\"fixfloat\"><\/div>    <\/div>\n\n    <div class=\"awpcp-pagination pager\">\n    \n        <form class=\"awpcp-pagination-form\" method=\"get\">\n        \n        \n        <label for=\"awpcp-pagination-results-0-33041900-1777504138\">Annonces par page:<\/label>\n\n        <select id=\"awpcp-pagination-results-0-33041900-1777504138\" name=\"results\">\n                                <option value=\"10\" selected=\"selected\">10<\/option>\n                                            <option value=\"20\">20<\/option>\n                                            <option value=\"30\">30<\/option>\n                                            <option value=\"40\">40<\/option>\n                                            <option value=\"500\">500<\/option>\n                            <\/select>\n\n            <\/form>\n    <\/div>\n<\/div>\n\n","protected":false},"excerpt":{"rendered":"","protected":false},"author":1,"featured_media":7378,"parent":0,"menu_order":20,"comment_status":"closed","ping_status":"closed","template":"","meta":{"footnotes":""},"class_list":["post-6243","page","type-page","status-publish","has-post-thumbnail","hentry"],"_links":{"self":[{"href":"https:\/\/www.amicale-aeap.fr\/word\/wp-json\/wp\/v2\/pages\/6243","targetHints":{"allow":["GET"]}}],"collection":[{"href":"https:\/\/www.amicale-aeap.fr\/word\/wp-json\/wp\/v2\/pages"}],"about":[{"href":"https:\/\/www.amicale-aeap.fr\/word\/wp-json\/wp\/v2\/types\/page"}],"author":[{"embeddable":true,"href":"https:\/\/www.amicale-aeap.fr\/word\/wp-json\/wp\/v2\/users\/1"}],"replies":[{"embeddable":true,"href":"https:\/\/www.amicale-aeap.fr\/word\/wp-json\/wp\/v2\/comments?post=6243"}],"version-history":[{"count":9,"href":"https:\/\/www.amicale-aeap.fr\/word\/wp-json\/wp\/v2\/pages\/6243\/revisions"}],"predecessor-version":[{"id":7676,"href":"https:\/\/www.amicale-aeap.fr\/word\/wp-json\/wp\/v2\/pages\/6243\/revisions\/7676"}],"wp:featuredmedia":[{"embeddable":true,"href":"https:\/\/www.amicale-aeap.fr\/word\/wp-json\/wp\/v2\/media\/7378"}],"wp:attachment":[{"href":"https:\/\/www.amicale-aeap.fr\/word\/wp-json\/wp\/v2\/media?parent=6243"}],"curies":[{"name":"wp","href":"https:\/\/api.w.org\/{rel}","templated":true}]}}