{"id":2787,"date":"2012-10-09T13:53:45","date_gmt":"2012-10-09T12:53:45","guid":{"rendered":"http:\/\/www.amicale-aeap.fr\/word\/?page_id=2787"},"modified":"2026-01-12T14:55:02","modified_gmt":"2026-01-12T13:55:02","slug":"activite","status":"publish","type":"page","link":"https:\/\/www.amicale-aeap.fr\/word\/activite\/","title":{"rendered":"Les activit\u00e9s"},"content":{"rendered":"\n<p>L&rsquo;amicale est une association participative &#8230;.\u00e0 vous de proposer de nouvelles id\u00e9es pour compl\u00e9ter l&rsquo;offre de l&rsquo;amicale !<\/p>\n\n\n\n<p>Adh\u00e9rer \u00e0 l&rsquo;amicale vous permet de participer aux activit\u00e9s organis\u00e9es par l&rsquo;amicale au tarif amicaliste. Les activit\u00e9s sont propos\u00e9es et organis\u00e9es par des amicalistes, vous pouvez proposer les v\u00f4tres !<\/p>\n\n\n\n<div id=\"ez-toc-container\" class=\"ez-toc-v2_0_82_2 counter-hierarchy ez-toc-counter ez-toc-light-blue ez-toc-container-direction\">\n<p class=\"ez-toc-title\" style=\"cursor:inherit\">Sommaire<\/p>\n<label for=\"ez-toc-cssicon-toggle-item-69f28f8bb5829\" class=\"ez-toc-cssicon-toggle-label\"><span class=\"\"><span class=\"eztoc-hide\" style=\"display:none;\">Toggle<\/span><span class=\"ez-toc-icon-toggle-span\"><svg style=\"fill: #999;color:#999\" xmlns=\"http:\/\/www.w3.org\/2000\/svg\" class=\"list-377408\" width=\"20px\" height=\"20px\" viewBox=\"0 0 24 24\" fill=\"none\"><path d=\"M6 6H4v2h2V6zm14 0H8v2h12V6zM4 11h2v2H4v-2zm16 0H8v2h12v-2zM4 16h2v2H4v-2zm16 0H8v2h12v-2z\" fill=\"currentColor\"><\/path><\/svg><svg style=\"fill: #999;color:#999\" class=\"arrow-unsorted-368013\" xmlns=\"http:\/\/www.w3.org\/2000\/svg\" width=\"10px\" height=\"10px\" viewBox=\"0 0 24 24\" version=\"1.2\" baseProfile=\"tiny\"><path d=\"M18.2 9.3l-6.2-6.3-6.2 6.3c-.2.2-.3.4-.3.7s.1.5.3.7c.2.2.4.3.7.3h11c.3 0 .5-.1.7-.3.2-.2.3-.5.3-.7s-.1-.5-.3-.7zM5.8 14.7l6.2 6.3 6.2-6.3c.2-.2.3-.5.3-.7s-.1-.5-.3-.7c-.2-.2-.4-.3-.7-.3h-11c-.3 0-.5.1-.7.3-.2.2-.3.5-.3.7s.1.5.3.7z\"\/><\/svg><\/span><\/span><\/label><input type=\"checkbox\"  id=\"ez-toc-cssicon-toggle-item-69f28f8bb5829\"  aria-label=\"Toggle\" \/><nav><ul class='ez-toc-list ez-toc-list-level-1 ' ><li class='ez-toc-page-1 ez-toc-heading-level-1'><a class=\"ez-toc-link ez-toc-heading-1\" href=\"https:\/\/www.amicale-aeap.fr\/word\/activite\/#Les_types_dactivites_organisees_par_lamicale\" >Les types d&rsquo;activit\u00e9s organis\u00e9es par l&rsquo;amicale<\/a><\/li><li class='ez-toc-page-1 ez-toc-heading-level-1'><a class=\"ez-toc-link ez-toc-heading-2\" href=\"https:\/\/www.amicale-aeap.fr\/word\/activite\/#Activites_avec_inscription_annuelle\" >Activit\u00e9s avec inscription annuelle<\/a><\/li><li class='ez-toc-page-1 ez-toc-heading-level-1'><a class=\"ez-toc-link ez-toc-heading-3\" href=\"https:\/\/www.amicale-aeap.fr\/word\/activite\/#Acces_aux_prestations_de_lAssociation_des_familles\" >Acc\u00e8s aux prestations de l&rsquo;Association des familles<\/a><\/li><li class='ez-toc-page-1 ez-toc-heading-level-1'><a class=\"ez-toc-link ez-toc-heading-4\" href=\"https:\/\/www.amicale-aeap.fr\/word\/activite\/#Proposer_une_activite_ou_une_sortie\" >Proposer une activit\u00e9 ou une sortie<\/a><\/li><\/ul><\/nav><\/div>\n<h1 class=\"wp-block-heading\"><span class=\"ez-toc-section\" id=\"Les_types_dactivites_organisees_par_lamicale\"><\/span>Les types d&rsquo;activit\u00e9s organis\u00e9es par l&rsquo;amicale<span class=\"ez-toc-section-end\"><\/span><\/h1>\n\n\n\n<h3 class=\"wp-block-heading\">Les activit\u00e9s organis\u00e9es par l&rsquo;amicale pour les amicalistes<\/h3>\n\n\n\n<p>Les amicalistes organisent ou g\u00e8rent :<\/p>\n\n\n\n<ul class=\"wp-block-list\">\n<li>des activit\u00e9s r\u00e9guli\u00e8res tout au long de l&rsquo;ann\u00e9e : gym, marche, pilates ;<\/li>\n\n\n\n<li>des sorties, week-ends et voyages, annonc\u00e9s via ce site ;<\/li>\n\n\n\n<li>adh\u00e9sion \u00e0 l&rsquo;association des familles de Douai ;<\/li>\n\n\n\n<li>les rencontres inter agences.<\/li>\n<\/ul>\n\n\n\n<p>Les activit\u00e9s sont propos\u00e9es par et pour les amicalistes. N&rsquo;h\u00e9sitez pas \u00e0 proposer vos id\u00e9es pour organiser une activit\u00e9 &#8230;<\/p>\n\n\n\n<h3 class=\"wp-block-heading\">Les activit\u00e9s organis\u00e9es par l&rsquo;amicale pour les agents en g\u00e9n\u00e9ral<\/h3>\n\n\n\n<p>L&rsquo;amicale organise aussi pour tous les agents :<\/p>\n\n\n\n<ul class=\"wp-block-list\">\n<li>l&rsquo;arbre de No\u00ebl pour les enfants : commande des jouets de No\u00ebl, organisation de l&rsquo;arbre de No\u00ebl ;<\/li>\n\n\n\n<li>le repas de No\u00ebl de fin d&rsquo;ann\u00e9e.<\/li>\n<\/ul>\n\n\n\n<h1 class=\"wp-block-heading\"><span class=\"ez-toc-section\" id=\"Activites_avec_inscription_annuelle\"><\/span>Activit\u00e9s avec inscription annuelle<span class=\"ez-toc-section-end\"><\/span><\/h1>\n\n\n\n<p>Voici le programme de vos activit\u00e9s sportives  :<\/p>\n\n\n\n<figure class=\"wp-block-table is-style-regular\"><table><tbody><tr><td><strong>Activit\u00e9<\/strong><\/td><td><strong>Fr\u00e9quence<\/strong><\/td><td><strong>R\u00e9f\u00e9rent<\/strong><\/td><td><strong>Lieu<\/strong><\/td><td><strong>Tarif annuel<\/strong><\/td><\/tr><tr><td>Gymnastique sportive<\/td><td>le lundi de 12h45 \u00e0 13h45<\/td><td>B\u00e9atrice, bureau 517<\/td><td>Douai &#8211; salle D\u00e9tente<\/td><td>40 \u20ac<\/td><\/tr><tr><td>Gymnastique \u00ab\u00a0\u00e0 la carte\u00a0\u00bb<\/td><td>le mardi de 12h00 \u00e0 13h00<\/td><td>XXXX, <\/td><td>Douai &#8211; salle D\u00e9tente<\/td><td>40 \u20ac<\/td><\/tr><tr><td><a href=\"https:\/\/www.amicale-aeap.fr\/word\/2022\/09\/01\/nouveau-a-lamicale-le-kundalini-yoga-le-vendredi-a-12h15\/\" data-type=\"link\" data-id=\"https:\/\/www.amicale-aeap.fr\/word\/2022\/09\/01\/nouveau-a-lamicale-le-kundalini-yoga-le-vendredi-a-12h15\/\">Kundalini Yoga<\/a><\/td><td>le mercredi de 12h15 \u00e0 13h15<\/td><td>Christophe, bureau 314<\/td><td>Douai &#8211; salle D\u00e9tente<\/td><td>40 \u20ac<\/td><\/tr><tr><td><a href=\"https:\/\/www.amicale-aeap.fr\/word\/2023\/09\/01\/reprise-des-cours-de-gym-methode-de-gasquet-le-jeudi-7-septembre-2023\/\" data-type=\"link\" data-id=\"https:\/\/www.amicale-aeap.fr\/word\/2023\/09\/01\/reprise-des-cours-de-gym-methode-de-gasquet-le-jeudi-7-septembre-2023\/\">Abdo autrement : m\u00e9thode De Gasquet<\/a><\/td><td>le jeudi de 12h15 \u00e0 13h15<\/td><td>Martine, bureau 310<\/td><td>Douai &#8211; salle D\u00e9tente<\/td><td>40 \u20ac<\/td><\/tr><tr><td><\/td><td><\/td><td><\/td><td><\/td><td><\/td><\/tr><\/tbody><\/table><\/figure>\n\n\n\n<p><span style=\"text-decoration: underline;\">Courses et randonn\u00e9es<\/span><\/p>\n\n\n\n<p>L&rsquo;amicale finance une partie des co\u00fbts d&rsquo;inscriptions aux courses et randonn\u00e9es si plusieurs amicalistes s&rsquo;inscrivent ensemble.<br>R\u00e8gles : financement de la moiti\u00e9 si au moins 3 amicalistes, de la totalit\u00e9 si au moins 5 amicalistes inscrits dans la course.<br>Contactez Lo\u00efg qui centralisent les inscriptions.<\/p>\n\n\n\n<p>Exceptionnel : Pour la course de Gayant, financement de la totalit\u00e9 des inscriptions.<\/p>\n\n\n\n<h1 class=\"wp-block-heading\"><span class=\"ez-toc-section\" id=\"Acces_aux_prestations_de_lAssociation_des_familles\"><\/span>Acc\u00e8s aux prestations de l&rsquo;Association des familles<span class=\"ez-toc-section-end\"><\/span><\/h1>\n\n\n\n<p>L\u2019amicale adh\u00e8re \u00e0 l\u2019association des familles de Douai. Cette adh\u00e9sion vous permet d\u2019avoir acc\u00e8s aux services de la Ludoth\u00e8que sans devoir s\u2019acquitter de l\u2019adh\u00e9sion annuelle, mais en respectant les m\u00eame r\u00e8gles de respect du mat\u00e9riel et de d\u00e9lai de retour, que les adh\u00e9rents individuels. Vous devrez \u00e9galement laisser en d\u00e9p\u00f4t un ch\u00e8que de caution personnel lors d\u2019un emprunt.<\/p>\n\n\n\n<p>Site Internet avec toutes les infos et horaires : <a href=\"http:\/\/ludothequedouai.cabanova.com\/\">http:\/\/ludothequedouai.cabanova.com\/<\/a><\/p>\n\n\n\n<p><strong>Locations Ludoth\u00e8que<\/strong><br>Donne acc\u00e8s \u00e0 tous les salari\u00e9s de l\u2019entreprise concern\u00e9e aux services de locations du mat\u00e9riel ludoth\u00e8que 1 semaine, 15 jours ou 3 semaine selon le jeux emprunt\u00e9 et selon le lieu de domicile.<\/p>\n\n\n\n<p><strong>Animations Ludoth\u00e8que<\/strong><br>Les salari\u00e9s ayant des enfants pourront avoir acc\u00e8s aux diff\u00e9rentes animations propos\u00e9es par l\u2019\u00e9quipe \u00e9ducative de la Ludoth\u00e8que ; ateliers Parents-Enfants, ateliers Jeux Vacances Scolaire, manifestations festives.<\/p>\n\n\n\n<p><em>Cette convention ne permet pas l\u2019acc\u00e8s aux autres services de l\u2019Association, tels que les bourses pour la vente ou les services de la Structure d\u2019Accueil Petit \u00e0 Petit, pour ces derniers une adh\u00e9sion individuelle sera obligatoire.<\/em><\/p>\n\n\n\n<p>Adresse :<\/p>\n\n\n\n<p>La Ludoth\u00e8que<br>De l\u2019ASSOCIATION DES FAMILLES<br>39, rue de l\u2019Universit\u00e9<br>59500 DOUAI<\/p>\n\n\n\n<p><\/p>\n\n\n\n<h1 class=\"wp-block-heading\"><span class=\"ez-toc-section\" id=\"Proposer_une_activite_ou_une_sortie\"><\/span>Proposer une activit\u00e9 ou une sortie<span class=\"ez-toc-section-end\"><\/span><\/h1>\n\n\n\n<p>Tout amicaliste peut proposer une activit\u00e9 ou une sortie. Venez en parler \u00e0 un membre du bureau ! Selon le budget disponible, il sera possible de l&rsquo;organiser.<\/p>\n\n\n\n<p>Les infos qui seront utiles :<\/p>\n\n\n\n<p>&#8211; description du projet : peut tenir une ligne, par exemple \u00ab\u00a0une journ\u00e9e dans un parc d&rsquo;attraction\u00a0\u00bb<br>&#8211; date(s) pr\u00e9vue pour la sortie &#8211; ou p\u00e9riodicit\u00e9 pour une activit\u00e9 r\u00e9guli\u00e8re<br>&#8211; programme de la sortie<br>&#8211; co\u00fbt par personne (avec tarif adulte \/ enfant le cas \u00e9ch\u00e9ant)<\/p>\n\n\n\n<p>N&rsquo;h\u00e9sitez pas !!!<\/p>\n\n\n\n<p><span style=\"border-radius: 2px; text-indent: 20px; width: auto; padding: 0px 4px 0px 0px; text-align: center; font: bold 11px\/20px 'Helvetica Neue',Helvetica,sans-serif; color: #ffffff; background: #bd081c no-repeat scroll 3px 50% \/ 14px 14px; position: absolute; opacity: 1; z-index: 8675309; display: none; cursor: pointer;\">Enregistrer<\/span><\/p>\n","protected":false},"excerpt":{"rendered":"<p>L&rsquo;amicale est une association participative &#8230;.\u00e0 vous de proposer de nouvelles id\u00e9es pour compl\u00e9ter l&rsquo;offre de l&rsquo;amicale ! Adh\u00e9rer \u00e0 l&rsquo;amicale vous permet de participer aux activit\u00e9s organis\u00e9es par l&rsquo;amicale au tarif amicaliste. Les activit\u00e9s sont propos\u00e9es et organis\u00e9es par des amicalistes, vous pouvez proposer les v\u00f4tres ! Les types [&hellip;]<\/p>\n","protected":false},"author":1,"featured_media":7375,"parent":0,"menu_order":5,"comment_status":"open","ping_status":"closed","template":"","meta":{"footnotes":""},"class_list":["post-2787","page","type-page","status-publish","has-post-thumbnail","hentry"],"_links":{"self":[{"href":"https:\/\/www.amicale-aeap.fr\/word\/wp-json\/wp\/v2\/pages\/2787","targetHints":{"allow":["GET"]}}],"collection":[{"href":"https:\/\/www.amicale-aeap.fr\/word\/wp-json\/wp\/v2\/pages"}],"about":[{"href":"https:\/\/www.amicale-aeap.fr\/word\/wp-json\/wp\/v2\/types\/page"}],"author":[{"embeddable":true,"href":"https:\/\/www.amicale-aeap.fr\/word\/wp-json\/wp\/v2\/users\/1"}],"replies":[{"embeddable":true,"href":"https:\/\/www.amicale-aeap.fr\/word\/wp-json\/wp\/v2\/comments?post=2787"}],"version-history":[{"count":61,"href":"https:\/\/www.amicale-aeap.fr\/word\/wp-json\/wp\/v2\/pages\/2787\/revisions"}],"predecessor-version":[{"id":10311,"href":"https:\/\/www.amicale-aeap.fr\/word\/wp-json\/wp\/v2\/pages\/2787\/revisions\/10311"}],"wp:featuredmedia":[{"embeddable":true,"href":"https:\/\/www.amicale-aeap.fr\/word\/wp-json\/wp\/v2\/media\/7375"}],"wp:attachment":[{"href":"https:\/\/www.amicale-aeap.fr\/word\/wp-json\/wp\/v2\/media?parent=2787"}],"curies":[{"name":"wp","href":"https:\/\/api.w.org\/{rel}","templated":true}]}}