{"id":235,"date":"2011-03-19T20:13:40","date_gmt":"2011-03-19T19:13:40","guid":{"rendered":"http:\/\/www.amicale-aeap.fr\/word\/?page_id=235"},"modified":"2019-06-28T12:41:07","modified_gmt":"2019-06-28T11:41:07","slug":"faquestion","status":"publish","type":"page","link":"https:\/\/www.amicale-aeap.fr\/word\/faquestion\/","title":{"rendered":"FAQ"},"content":{"rendered":"\n<div id=\"ez-toc-container\" class=\"ez-toc-v2_0_82_2 counter-hierarchy ez-toc-counter ez-toc-light-blue ez-toc-container-direction\">\n<p class=\"ez-toc-title\" style=\"cursor:inherit\">Sommaire<\/p>\n<label for=\"ez-toc-cssicon-toggle-item-69f28f84a1f63\" class=\"ez-toc-cssicon-toggle-label\"><span class=\"\"><span class=\"eztoc-hide\" style=\"display:none;\">Toggle<\/span><span class=\"ez-toc-icon-toggle-span\"><svg style=\"fill: #999;color:#999\" xmlns=\"http:\/\/www.w3.org\/2000\/svg\" class=\"list-377408\" width=\"20px\" height=\"20px\" viewBox=\"0 0 24 24\" fill=\"none\"><path d=\"M6 6H4v2h2V6zm14 0H8v2h12V6zM4 11h2v2H4v-2zm16 0H8v2h12v-2zM4 16h2v2H4v-2zm16 0H8v2h12v-2z\" fill=\"currentColor\"><\/path><\/svg><svg style=\"fill: #999;color:#999\" class=\"arrow-unsorted-368013\" xmlns=\"http:\/\/www.w3.org\/2000\/svg\" width=\"10px\" height=\"10px\" viewBox=\"0 0 24 24\" version=\"1.2\" baseProfile=\"tiny\"><path d=\"M18.2 9.3l-6.2-6.3-6.2 6.3c-.2.2-.3.4-.3.7s.1.5.3.7c.2.2.4.3.7.3h11c.3 0 .5-.1.7-.3.2-.2.3-.5.3-.7s-.1-.5-.3-.7zM5.8 14.7l6.2 6.3 6.2-6.3c.2-.2.3-.5.3-.7s-.1-.5-.3-.7c-.2-.2-.4-.3-.7-.3h-11c-.3 0-.5.1-.7.3-.2.2-.3.5-.3.7s.1.5.3.7z\"\/><\/svg><\/span><\/span><\/label><input type=\"checkbox\"  id=\"ez-toc-cssicon-toggle-item-69f28f84a1f63\"  aria-label=\"Toggle\" \/><nav><ul class='ez-toc-list ez-toc-list-level-1 ' ><li class='ez-toc-page-1 ez-toc-heading-level-3'><a class=\"ez-toc-link ez-toc-heading-1\" href=\"https:\/\/www.amicale-aeap.fr\/word\/faquestion\/#Pourquoi_y_a-t-il_un_lien_%C2%AB_Rechargez_%C2%BB\" >Pourquoi y a-t-il un lien \u00ab\u00a0Rechargez !\u00a0\u00bb<\/a><\/li><li class='ez-toc-page-1 ez-toc-heading-level-3'><a class=\"ez-toc-link ez-toc-heading-2\" href=\"https:\/\/www.amicale-aeap.fr\/word\/faquestion\/#Comment_contacter_lamicale\" >Comment contacter l&rsquo;amicale ?<\/a><\/li><li class='ez-toc-page-1 ez-toc-heading-level-3'><a class=\"ez-toc-link ez-toc-heading-3\" href=\"https:\/\/www.amicale-aeap.fr\/word\/faquestion\/#Comment_supprimer_une_photo_de_moi_sur_le_site\" >Comment supprimer une photo de moi sur le site ?<\/a><\/li><li class='ez-toc-page-1 ez-toc-heading-level-3'><a class=\"ez-toc-link ez-toc-heading-4\" href=\"https:\/\/www.amicale-aeap.fr\/word\/faquestion\/#Comment_recevoir_les_messages_de_lamicale\" >Comment recevoir les messages de l&rsquo;amicale ?<\/a><\/li><li class='ez-toc-page-1 ez-toc-heading-level-3'><a class=\"ez-toc-link ez-toc-heading-5\" href=\"https:\/\/www.amicale-aeap.fr\/word\/faquestion\/#Ou_trouver_les_clefs_pour_la_cafeteria\" >O\u00f9 trouver les clefs pour la caf\u00e9t\u00e9ria ?<\/a><\/li><li class='ez-toc-page-1 ez-toc-heading-level-3'><a class=\"ez-toc-link ez-toc-heading-6\" href=\"https:\/\/www.amicale-aeap.fr\/word\/faquestion\/#Quel_est_le_planning_de_la_salle_detente\" >Quel est le planning de la salle d\u00e9tente ?<\/a><\/li><\/ul><\/nav><\/div>\n<h3 class=\"wp-block-heading\"><span class=\"ez-toc-section\" id=\"Pourquoi_y_a-t-il_un_lien_%C2%AB_Rechargez_%C2%BB\"><\/span>Pourquoi y a-t-il un lien \u00ab\u00a0Rechargez !\u00a0\u00bb<span class=\"ez-toc-section-end\"><\/span><\/h3>\n\n\n\n<p>Le proxy de l&rsquo;agence conserve des anciennes versions des pages de ce site. Si vous voulez voir la derni\u00e8re version et les derni\u00e8res actualit\u00e9s, cliquez sur Rechargez ! jusqu&rsquo;\u00e0 ce que la date et l&rsquo;heure en dessous soient celles d&rsquo;aujourd&rsquo;hui.<\/p>\n\n\n\n<h3 class=\"wp-block-heading\"><span class=\"ez-toc-section\" id=\"Comment_contacter_lamicale\"><\/span>Comment contacter l&rsquo;amicale ?<span class=\"ez-toc-section-end\"><\/span><\/h3>\n\n\n\n<p>Tout simplement, se rapprocher de l&rsquo;un des membres du conseil d&rsquo;administration. La liste des membres du CA est propos\u00e9e sur la page <a href=\"https:\/\/www.amicale-aeap.fr\/word\/amicale\/\">l&rsquo;Amicale<\/a>.<\/p>\n\n\n\n<h3 class=\"wp-block-heading\"><span class=\"ez-toc-section\" id=\"Comment_supprimer_une_photo_de_moi_sur_le_site\"><\/span>Comment supprimer une photo de moi sur le site ?<span class=\"ez-toc-section-end\"><\/span><\/h3>\n\n\n\n<p>Nous diffusons les photos des amicalistes qui le veulent bien. Si vous apparaissez sur une photo et que cela vous pose probl\u00e8me, pas de souci ! Sur simple demande, nous retirons la photo !<\/p>\n\n\n\n<h3 class=\"wp-block-heading\"><span class=\"ez-toc-section\" id=\"Comment_recevoir_les_messages_de_lamicale\"><\/span>Comment recevoir les messages de l&rsquo;amicale ?<span class=\"ez-toc-section-end\"><\/span><\/h3>\n\n\n\n<p>Vous recevez les nouvelles de l&rsquo;amicale sur votre bo\u00eete email. Vous souhaitez vous inscrire, vous d\u00e9sinscrire, changer l&rsquo;adresse email sur laquelle vous recevez ces informations &#8230;..<\/p>\n\n\n\n<p><strong>Pour vous inscrire \u00e0 ce service : <\/strong><\/p>\n\n\n\n<ul class=\"wp-block-list\"><li>aller sur la page <a title=\"http:\/\/www.amicale-aeap.fr\/word\/notifications\" href=\"http:\/\/www.amicale-aeap.fr\/word\/alertes\/\" target=\"_blank\" rel=\"noopener noreferrer\">http:\/\/www.amicale-aeap.fr\/word\/alertes\/<\/a> (lien Alerte Email dans le menu du site web)<\/li><li>entrez votre adresse email<\/li><li>choisissez \u00ab\u00a0s&rsquo;abonner\u00a0\u00bb<\/li><li>valider<\/li><li>vous recevrez un email avec un lien de confirmation<\/li><\/ul>\n\n\n\n<p><strong>Pour vous d\u00e9sinscrire de ce service : <\/strong><\/p>\n\n\n\n<ul class=\"wp-block-list\"><li>aller sur la page <a title=\"http:\/\/www.amicale-aeap.fr\/word\/notifications\" href=\"http:\/\/www.amicale-aeap.fr\/word\/alertes\/\" target=\"_blank\" rel=\"noopener noreferrer\">http:\/\/www.amicale-aeap.fr\/word\/alertes\/<\/a> (lien Alerte Email dans le menu du site web)<\/li><li>entrez votre adresse email<\/li><li>choisissez \u00ab\u00a0se d\u00e9sabonner\u00a0\u00bb<\/li><li>valider.<\/li><\/ul>\n\n\n\n<p>Ou cliquez sur le lien en bas de l&#8217;email re\u00e7u<\/p>\n\n\n\n<p>Vous avez bien compris que si vous souhaitez changer l&rsquo;adresse, d\u00e9sinscrivez l&rsquo;ancienne, ajoutez la nouvelle. Vous pouvez recevoir les alertes sur plusieurs adresses email, aucun souci.<\/p>\n\n\n\n<p><em>PS : Aucune demande d&rsquo;inscription ou de d\u00e9sinscription envoy\u00e9e sur l&rsquo;adresse amicale@amicale-aeap.fr ne sera trait\u00e9e, par manque de temps pour ce type de gestion, merci de votre compr\u00e9hension \ud83d\ude42<\/em><\/p>\n\n\n\n<h3 class=\"wp-block-heading\"><span class=\"ez-toc-section\" id=\"Ou_trouver_les_clefs_pour_la_cafeteria\"><\/span>O\u00f9 trouver les clefs pour la caf\u00e9t\u00e9ria ?<span class=\"ez-toc-section-end\"><\/span><\/h3>\n\n\n\n<p>La caf\u00e9t\u00e9ria au 2e \u00e9tage dispose de deux machines : une pour les boissons chaudes, une pour les boissons froides. Vous pouvez demander une clef caf\u00e9, en \u00e9change d&rsquo;une caution de 10 \u20ac payable en esp\u00e8ces pour les CDD\/Stagiaires\/etc &#8230; , qui vous permet de charger de la monnaie et de payer 35 c au lieu de 40 c pour les boissons chaudes. L&rsquo;amicale tient \u00e0 jour un fichier contenant les noms des personnes et les num\u00e9ros de clefs attribu\u00e9es. Voir Bruno si questions ou besoin d&rsquo;une clef.<\/p>\n\n\n\n<h3 class=\"wp-block-heading\"><span class=\"ez-toc-section\" id=\"Quel_est_le_planning_de_la_salle_detente\"><\/span>Quel est le planning de la salle d\u00e9tente ?<span class=\"ez-toc-section-end\"><\/span><\/h3>\n\n\n\n<p>La salle d\u00e9tente <a href=\"https:\/\/www.amicale-aeap.fr\/word\/activite\/#Activites_avec_inscription_annuelle\">est occup\u00e9e<\/a> les lundis de 12h45 \u00e0 13h45, les jeudis de 12h15 \u00e0 13h15 et vendredis de 12h45 \u00e0 13h45. Le reste du temps, elle est libre pour utilisation du baby-foot ou du ping-pong.<\/p>\n","protected":false},"excerpt":{"rendered":"<p>Pourquoi y a-t-il un lien \u00ab\u00a0Rechargez !\u00a0\u00bb Le proxy de l&rsquo;agence conserve des anciennes versions des pages de ce site. Si vous voulez voir la derni\u00e8re version et les derni\u00e8res actualit\u00e9s, cliquez sur Rechargez ! jusqu&rsquo;\u00e0 ce que la date et l&rsquo;heure en dessous soient celles d&rsquo;aujourd&rsquo;hui. Comment contacter l&rsquo;amicale [&hellip;]<\/p>\n","protected":false},"author":1,"featured_media":7147,"parent":0,"menu_order":10,"comment_status":"closed","ping_status":"closed","template":"","meta":{"footnotes":""},"class_list":["post-235","page","type-page","status-publish","has-post-thumbnail","hentry"],"_links":{"self":[{"href":"https:\/\/www.amicale-aeap.fr\/word\/wp-json\/wp\/v2\/pages\/235","targetHints":{"allow":["GET"]}}],"collection":[{"href":"https:\/\/www.amicale-aeap.fr\/word\/wp-json\/wp\/v2\/pages"}],"about":[{"href":"https:\/\/www.amicale-aeap.fr\/word\/wp-json\/wp\/v2\/types\/page"}],"author":[{"embeddable":true,"href":"https:\/\/www.amicale-aeap.fr\/word\/wp-json\/wp\/v2\/users\/1"}],"replies":[{"embeddable":true,"href":"https:\/\/www.amicale-aeap.fr\/word\/wp-json\/wp\/v2\/comments?post=235"}],"version-history":[{"count":26,"href":"https:\/\/www.amicale-aeap.fr\/word\/wp-json\/wp\/v2\/pages\/235\/revisions"}],"predecessor-version":[{"id":7680,"href":"https:\/\/www.amicale-aeap.fr\/word\/wp-json\/wp\/v2\/pages\/235\/revisions\/7680"}],"wp:featuredmedia":[{"embeddable":true,"href":"https:\/\/www.amicale-aeap.fr\/word\/wp-json\/wp\/v2\/media\/7147"}],"wp:attachment":[{"href":"https:\/\/www.amicale-aeap.fr\/word\/wp-json\/wp\/v2\/media?parent=235"}],"curies":[{"name":"wp","href":"https:\/\/api.w.org\/{rel}","templated":true}]}}